{"id":988643,"date":"2024-03-20T09:43:08","date_gmt":"2024-03-20T09:43:08","guid":{"rendered":"https:\/\/perfumeshossintropia.com\/aviso-legal-imprint\/"},"modified":"2024-03-20T09:43:08","modified_gmt":"2024-03-20T09:43:08","slug":"aviso-legal-imprint","status":"publish","type":"page","link":"https:\/\/perfumeshossintropia.com\/de\/impressum\/","title":{"rendered":"Rechtliche Hinweise \/ Impressum"},"content":{"rendered":"<div class=\"vgblk-rw-wrapper limit-wrapper\">\n<!-- Legal document generated by Complianz | GDPR\/CCPA Cookie Consent https:\/\/wordpress.org\/plugins\/complianz-gdpr -->\n<div id=\"cmplz-document\" class=\"cmplz-document impressum cmplz-document-all\"><p><i>This imprint was last updated on M\u00e4rz 20, 2024.<\/i><\/p><p class=\"cmplz-subtitle\">Der Eigent\u00fcmer dieser Website ist:<\/p><p>COMERCIAL FARLABO ESPA\u00d1A SL Comercial Farlabo Espa\u00f1a Sl<br>Via de los Poblados Stra\u00dfe 3, Geb\u00e4ude B, Stockwerk 6<br>Spanien<br>Email:&nbsp;&#105;&#110;&#102;o&#064;farla&#098;o.&#099;&#111;m<br>Rufnummer: 917 28 69 01<br>MEHRWERTSTEUER-ID: B82425521<\/p><h2>1. allgemein<\/h2><p>Sie k\u00f6nnen diese Regeln und Vorschriften hier einsehen:<br \/>https:\/\/perfumeshossintropia.com\/<\/p><p>Wir sind nicht bereit oder verpflichtet, an Streitbeilegungsverfahren vor einer Verbraucherschlichtungsstelle teilzunehmen.<\/p><h2>(2) Die folgenden Angaben sind nach deutschem Recht obligatorisch.<\/h2><\/div><\/div>\n<p><!-- .vgblk-rw-wrapper --><\/p>","protected":false},"excerpt":{"rendered":"","protected":false},"author":1,"featured_media":0,"parent":0,"menu_order":0,"comment_status":"closed","ping_status":"closed","template":"","meta":{"footnotes":""},"class_list":["post-988643","page","type-page","status-publish","hentry"],"_links":{"self":[{"href":"https:\/\/perfumeshossintropia.com\/de\/wp-json\/wp\/v2\/pages\/988643","targetHints":{"allow":["GET"]}}],"collection":[{"href":"https:\/\/perfumeshossintropia.com\/de\/wp-json\/wp\/v2\/pages"}],"about":[{"href":"https:\/\/perfumeshossintropia.com\/de\/wp-json\/wp\/v2\/types\/page"}],"author":[{"embeddable":true,"href":"https:\/\/perfumeshossintropia.com\/de\/wp-json\/wp\/v2\/users\/1"}],"replies":[{"embeddable":true,"href":"https:\/\/perfumeshossintropia.com\/de\/wp-json\/wp\/v2\/comments?post=988643"}],"version-history":[{"count":0,"href":"https:\/\/perfumeshossintropia.com\/de\/wp-json\/wp\/v2\/pages\/988643\/revisions"}],"wp:attachment":[{"href":"https:\/\/perfumeshossintropia.com\/de\/wp-json\/wp\/v2\/media?parent=988643"}],"curies":[{"name":"wp","href":"https:\/\/api.w.org\/{rel}","templated":true}]}}