{"id":989903,"date":"2025-09-15T15:27:28","date_gmt":"2025-09-15T15:27:28","guid":{"rendered":"https:\/\/perfumeshossintropia.com\/?page_id=989903"},"modified":"2025-09-15T16:08:54","modified_gmt":"2025-09-15T16:08:54","slug":"coleccion-garden","status":"publish","type":"page","link":"https:\/\/perfumeshossintropia.com\/de\/gartenkollektion\/","title":{"rendered":"Garten Kollektion"},"content":{"rendered":"<div data-elementor-type=\"wp-page\" data-elementor-id=\"989903\" class=\"elementor elementor-989903\" data-elementor-post-type=\"page\">\n\t\t\t\t<div class=\"elementor-element elementor-element-c50c47b e-flex e-con-boxed e-con e-parent\" data-id=\"c50c47b\" data-element_type=\"container\" data-settings=\"{&quot;container_type&quot;:&quot;flex&quot;,&quot;content_width&quot;:&quot;boxed&quot;}\" data-core-v316-plus=\"true\">\n\t\t\t\t\t<div class=\"e-con-inner\">\n\t\t<div class=\"elementor-element elementor-element-7b5c5b9 e-con-full e-flex e-con e-child\" data-id=\"7b5c5b9\" data-element_type=\"container\" data-settings=\"{&quot;content_width&quot;:&quot;full&quot;,&quot;container_type&quot;:&quot;flex&quot;}\">\n\t\t\t\t<div class=\"elementor-element elementor-element-d7bc0ad elementor-invisible elementor-widget elementor-widget-heading\" data-id=\"d7bc0ad\" data-element_type=\"widget\" data-settings=\"{&quot;motion_fx_motion_fx_scrolling&quot;:&quot;yes&quot;,&quot;motion_fx_scale_effect&quot;:&quot;yes&quot;,&quot;motion_fx_scale_direction&quot;:&quot;in-out&quot;,&quot;motion_fx_scale_speed&quot;:{&quot;unit&quot;:&quot;px&quot;,&quot;size&quot;:2,&quot;sizes&quot;:[]},&quot;motion_fx_devices&quot;:[&quot;desktop&quot;],&quot;_animation&quot;:&quot;fadeIn&quot;,&quot;_animation_tablet&quot;:&quot;none&quot;,&quot;_animation_delay&quot;:200,&quot;motion_fx_scale_range&quot;:{&quot;unit&quot;:&quot;%&quot;,&quot;size&quot;:&quot;&quot;,&quot;sizes&quot;:{&quot;start&quot;:20,&quot;end&quot;:80}}}\" data-widget_type=\"heading.default\">\n\t\t\t\t<div class=\"elementor-widget-container\">\n\t\t\t<style>\/*! elementor - v3.19.0 - 28-02-2024 *\/\n.elementor-heading-title{padding:0;margin:0;line-height:1}.elementor-widget-heading .elementor-heading-title[class*=elementor-size-]>a{color:inherit;font-size:inherit;line-height:inherit}.elementor-widget-heading .elementor-heading-title.elementor-size-small{font-size:15px}.elementor-widget-heading .elementor-heading-title.elementor-size-medium{font-size:19px}.elementor-widget-heading .elementor-heading-title.elementor-size-large{font-size:29px}.elementor-widget-heading .elementor-heading-title.elementor-size-xl{font-size:39px}.elementor-widget-heading .elementor-heading-title.elementor-size-xxl{font-size:59px}<\/style><h1 class=\"elementor-heading-title elementor-size-default translation-block\">Unsere Kollektion<br>Mediterrane G\u00e4rten<\/h1>\t\t<\/div>\n\t\t\t\t<\/div>\n\t\t\t\t<\/div>\n\t\t\t\t\t<\/div>\n\t\t\t\t<\/div>\n\t\t<div class=\"elementor-element elementor-element-3728158 e-flex e-con-boxed e-con e-parent\" data-id=\"3728158\" data-element_type=\"container\" data-settings=\"{&quot;container_type&quot;:&quot;flex&quot;,&quot;content_width&quot;:&quot;boxed&quot;}\" data-core-v316-plus=\"true\">\n\t\t\t\t\t<div class=\"e-con-inner\">\n\t\t<div class=\"elementor-element elementor-element-bc2dc29 e-flex e-con-boxed e-con e-child\" data-id=\"bc2dc29\" data-element_type=\"container\" data-settings=\"{&quot;container_type&quot;:&quot;flex&quot;,&quot;content_width&quot;:&quot;boxed&quot;}\">\n\t\t\t\t\t<div class=\"e-con-inner\">\n\t\t\t\t<div class=\"vamtam-has-theme-widget-styles elementor-element elementor-element-2262c10 elementor-widget elementor-widget-text-editor\" data-id=\"2262c10\" data-element_type=\"widget\" data-widget_type=\"text-editor.default\">\n\t\t\t\t<div class=\"elementor-widget-container\">\n\t\t\t<style>\/*! elementor - v3.19.0 - 28-02-2024 *\/\n.elementor-widget-text-editor.elementor-drop-cap-view-stacked .elementor-drop-cap{background-color:#69727d;color:#fff}.elementor-widget-text-editor.elementor-drop-cap-view-framed .elementor-drop-cap{color:#69727d;border:3px solid;background-color:transparent}.elementor-widget-text-editor:not(.elementor-drop-cap-view-default) .elementor-drop-cap{margin-top:8px}.elementor-widget-text-editor:not(.elementor-drop-cap-view-default) .elementor-drop-cap-letter{width:1em;height:1em}.elementor-widget-text-editor .elementor-drop-cap{float:left;text-align:center;line-height:1;font-size:50px}.elementor-widget-text-editor .elementor-drop-cap-letter{display:inline-block}<\/style>\t\t\t\t<p><span class=\"TextRun SCXP156633509 BCX0\" lang=\"ES-ES\" xml:lang=\"ES-ES\" data-usefontface=\"true\" data-contrast=\"none\"><span class=\"NormalTextRun SCXP156633509 BCX0\">Eine Hommage an den Charme eines mediterranen Gartens. Inspiriert durch seine <\/span><\/span><span class=\"TextRun SCXP156633509 BCX0\" lang=\"ES-ES\" xml:lang=\"ES-ES\" data-usefontface=\"true\" data-contrast=\"none\"><span class=\"NormalTextRun SCXP156633509 BCX0\">D\u00fcfte, Licht und Kl\u00e4nge, die uns einladen, die Kleinen zu genie\u00dfen <\/span><\/span><span class=\"TextRun SCXP156633509 BCX0\" lang=\"ES-ES\" xml:lang=\"ES-ES\" data-usefontface=\"true\" data-contrast=\"none\"><span class=\"NormalTextRun SCXP156633509 BCX0\">Vergn\u00fcgen im Freien das ganze Jahr \u00fcber.<\/span><\/span><span class=\"EOP SCXP156633509 BCX0\">\u200b<\/span><\/p>\t\t\t\t\t\t<\/div>\n\t\t\t\t<\/div>\n\t\t\t\t\t<\/div>\n\t\t\t\t<\/div>\n\t\t\t\t\t<\/div>\n\t\t\t\t<\/div>\n\t\t<div class=\"elementor-element elementor-element-57211acd e-flex e-con-boxed e-con e-parent\" data-id=\"57211acd\" data-element_type=\"container\" data-settings=\"{&quot;background_background&quot;:&quot;classic&quot;,&quot;container_type&quot;:&quot;flex&quot;,&quot;content_width&quot;:&quot;boxed&quot;}\" data-core-v316-plus=\"true\">\n\t\t\t\t\t<div class=\"e-con-inner\">\n\t\t<div class=\"elementor-element elementor-element-18cac157 e-flex e-con-boxed e-con e-child\" data-id=\"18cac157\" data-element_type=\"container\" data-settings=\"{&quot;container_type&quot;:&quot;flex&quot;,&quot;content_width&quot;:&quot;boxed&quot;}\">\n\t\t\t\t\t<div class=\"e-con-inner\">\n\t\t<div class=\"elementor-element elementor-element-3ff96530 e-flex e-con-boxed e-con e-child\" data-id=\"3ff96530\" data-element_type=\"container\" data-settings=\"{&quot;container_type&quot;:&quot;flex&quot;,&quot;content_width&quot;:&quot;boxed&quot;}\">\n\t\t\t\t\t<div class=\"e-con-inner\">\n\t\t<a class=\"elementor-element elementor-element-2344da8 e-con-full e-flex e-con e-child\" data-id=\"2344da8\" data-element_type=\"container\" data-settings=\"{&quot;motion_fx_motion_fx_scrolling&quot;:&quot;yes&quot;,&quot;motion_fx_translateY_effect&quot;:&quot;yes&quot;,&quot;motion_fx_translateY_speed&quot;:{&quot;unit&quot;:&quot;px&quot;,&quot;size&quot;:1,&quot;sizes&quot;:[]},&quot;content_width&quot;:&quot;full&quot;,&quot;motion_fx_devices&quot;:[&quot;desktop&quot;,&quot;tablet&quot;],&quot;container_type&quot;:&quot;flex&quot;,&quot;motion_fx_translateY_affectedRange&quot;:{&quot;unit&quot;:&quot;%&quot;,&quot;size&quot;:&quot;&quot;,&quot;sizes&quot;:{&quot;start&quot;:0,&quot;end&quot;:100}}}\" href=\"https:\/\/perfumeshossintropia.com\/de\/product\/siesta-im-garten\/\">\n\t\t\t\t<div class=\"vamtam-has-theme-widget-styles elementor-element elementor-element-d9c7e92 e-transform elementor-widget elementor-widget-image\" data-id=\"d9c7e92\" data-element_type=\"widget\" data-settings=\"{&quot;motion_fx_motion_fx_scrolling&quot;:&quot;yes&quot;,&quot;motion_fx_scale_effect&quot;:&quot;yes&quot;,&quot;motion_fx_scale_speed&quot;:{&quot;unit&quot;:&quot;px&quot;,&quot;size&quot;:1,&quot;sizes&quot;:[]},&quot;motion_fx_scale_range&quot;:{&quot;unit&quot;:&quot;%&quot;,&quot;size&quot;:&quot;&quot;,&quot;sizes&quot;:{&quot;start&quot;:20,&quot;end&quot;:82}},&quot;_transform_scale_effect&quot;:{&quot;unit&quot;:&quot;px&quot;,&quot;size&quot;:0.9,&quot;sizes&quot;:[]},&quot;motion_fx_scale_direction&quot;:&quot;out-in&quot;,&quot;motion_fx_devices&quot;:[&quot;desktop&quot;,&quot;tablet&quot;,&quot;mobile&quot;],&quot;_transform_scale_effect_tablet&quot;:{&quot;unit&quot;:&quot;px&quot;,&quot;size&quot;:&quot;&quot;,&quot;sizes&quot;:[]},&quot;_transform_scale_effect_mobile&quot;:{&quot;unit&quot;:&quot;px&quot;,&quot;size&quot;:&quot;&quot;,&quot;sizes&quot;:[]}}\" data-widget_type=\"image.default\">\n\t\t\t\t<div class=\"elementor-widget-container\">\n\t\t\t<style>\/*! elementor - v3.19.0 - 28-02-2024 *\/\n.elementor-widget-image{text-align:center}.elementor-widget-image a{display:inline-block}.elementor-widget-image a img[src$=\".svg\"]{width:48px}.elementor-widget-image img{vertical-align:middle;display:inline-block}<\/style>\t\t\t\t<div class=\"elementor-image\">\n\t\t\t\t\t\t\t\t\t\t\t\t\t\t\t\t\t\t\t\t\t<img fetchpriority=\"high\" decoding=\"async\" width=\"1080\" height=\"1080\" src=\"https:\/\/perfumeshossintropia.com\/wp-content\/uploads\/2025\/09\/3.-Product-Page.jpg\" class=\"attachment-large size-large wp-image-989924\" alt=\"\" srcset=\"https:\/\/perfumeshossintropia.com\/wp-content\/uploads\/2025\/09\/3.-Product-Page.jpg 1080w, https:\/\/perfumeshossintropia.com\/wp-content\/uploads\/2025\/09\/3.-Product-Page-100x100.jpg 100w, https:\/\/perfumeshossintropia.com\/wp-content\/uploads\/2025\/09\/3.-Product-Page-800x800.jpg 800w, https:\/\/perfumeshossintropia.com\/wp-content\/uploads\/2025\/09\/3.-Product-Page-768x768.jpg 768w, https:\/\/perfumeshossintropia.com\/wp-content\/uploads\/2025\/09\/3.-Product-Page-12x12.jpg 12w, https:\/\/perfumeshossintropia.com\/wp-content\/uploads\/2025\/09\/3.-Product-Page-840x840.jpg 840w, https:\/\/perfumeshossintropia.com\/wp-content\/uploads\/2025\/09\/3.-Product-Page-420x420.jpg 420w, https:\/\/perfumeshossintropia.com\/wp-content\/uploads\/2025\/09\/3.-Product-Page-630x630.jpg 630w, https:\/\/perfumeshossintropia.com\/wp-content\/uploads\/2025\/09\/3.-Product-Page-315x315.jpg 315w\" sizes=\"(max-width: 1080px) 100vw, 1080px\" \/>\t\t\t\t\t\t\t\t\t\t\t\t\t\t\t\t\t\t\t\t\t\t\t\t<\/div>\n\t\t\t\t\t\t<\/div>\n\t\t\t\t<\/div>\n\t\t\t\t<div class=\"elementor-element elementor-element-aca161d elementor-widget elementor-widget-heading\" data-id=\"aca161d\" data-element_type=\"widget\" data-widget_type=\"heading.default\">\n\t\t\t\t<div class=\"elementor-widget-container\">\n\t\t\t<span class=\"elementor-heading-title elementor-size-default\">SIESTA IM GARTEN<\/span>\t\t<\/div>\n\t\t\t\t<\/div>\n\t\t\t\t<\/a>\n\t\t<a class=\"elementor-element elementor-element-1e15ec8a e-con-full e-flex e-con e-child\" data-id=\"1e15ec8a\" data-element_type=\"container\" data-settings=\"{&quot;motion_fx_motion_fx_scrolling&quot;:&quot;yes&quot;,&quot;motion_fx_translateY_effect&quot;:&quot;yes&quot;,&quot;motion_fx_translateY_direction&quot;:&quot;negative&quot;,&quot;motion_fx_translateY_speed&quot;:{&quot;unit&quot;:&quot;px&quot;,&quot;size&quot;:1,&quot;sizes&quot;:[]},&quot;content_width&quot;:&quot;full&quot;,&quot;motion_fx_devices&quot;:[&quot;desktop&quot;,&quot;tablet&quot;],&quot;container_type&quot;:&quot;flex&quot;,&quot;motion_fx_translateY_affectedRange&quot;:{&quot;unit&quot;:&quot;%&quot;,&quot;size&quot;:&quot;&quot;,&quot;sizes&quot;:{&quot;start&quot;:0,&quot;end&quot;:100}}}\" href=\"https:\/\/perfumeshossintropia.com\/de\/product\/unter-dem-orangenbaum\/\">\n\t\t\t\t<div class=\"vamtam-has-theme-widget-styles elementor-element elementor-element-5c9f1178 e-transform elementor-widget elementor-widget-image\" data-id=\"5c9f1178\" data-element_type=\"widget\" data-settings=\"{&quot;motion_fx_motion_fx_scrolling&quot;:&quot;yes&quot;,&quot;motion_fx_scale_effect&quot;:&quot;yes&quot;,&quot;motion_fx_scale_speed&quot;:{&quot;unit&quot;:&quot;px&quot;,&quot;size&quot;:1,&quot;sizes&quot;:[]},&quot;motion_fx_scale_range&quot;:{&quot;unit&quot;:&quot;%&quot;,&quot;size&quot;:&quot;&quot;,&quot;sizes&quot;:{&quot;start&quot;:20,&quot;end&quot;:82}},&quot;_transform_scale_effect&quot;:{&quot;unit&quot;:&quot;px&quot;,&quot;size&quot;:0.9,&quot;sizes&quot;:[]},&quot;motion_fx_scale_direction&quot;:&quot;out-in&quot;,&quot;motion_fx_devices&quot;:[&quot;desktop&quot;,&quot;tablet&quot;,&quot;mobile&quot;],&quot;_transform_scale_effect_tablet&quot;:{&quot;unit&quot;:&quot;px&quot;,&quot;size&quot;:&quot;&quot;,&quot;sizes&quot;:[]},&quot;_transform_scale_effect_mobile&quot;:{&quot;unit&quot;:&quot;px&quot;,&quot;size&quot;:&quot;&quot;,&quot;sizes&quot;:[]}}\" data-widget_type=\"image.default\">\n\t\t\t\t<div class=\"elementor-widget-container\">\n\t\t\t\t\t\t\t<div class=\"elementor-image\">\n\t\t\t\t\t\t\t\t\t\t\t\t\t\t\t\t\t\t\t\t\t<img decoding=\"async\" width=\"1080\" height=\"1080\" src=\"https:\/\/perfumeshossintropia.com\/wp-content\/uploads\/2025\/09\/3.-Product-Page-1.jpg\" class=\"attachment-large size-large wp-image-989943\" alt=\"\" srcset=\"https:\/\/perfumeshossintropia.com\/wp-content\/uploads\/2025\/09\/3.-Product-Page-1.jpg 1080w, https:\/\/perfumeshossintropia.com\/wp-content\/uploads\/2025\/09\/3.-Product-Page-1-100x100.jpg 100w, https:\/\/perfumeshossintropia.com\/wp-content\/uploads\/2025\/09\/3.-Product-Page-1-800x800.jpg 800w, https:\/\/perfumeshossintropia.com\/wp-content\/uploads\/2025\/09\/3.-Product-Page-1-768x768.jpg 768w, https:\/\/perfumeshossintropia.com\/wp-content\/uploads\/2025\/09\/3.-Product-Page-1-12x12.jpg 12w, https:\/\/perfumeshossintropia.com\/wp-content\/uploads\/2025\/09\/3.-Product-Page-1-840x840.jpg 840w, https:\/\/perfumeshossintropia.com\/wp-content\/uploads\/2025\/09\/3.-Product-Page-1-420x420.jpg 420w, https:\/\/perfumeshossintropia.com\/wp-content\/uploads\/2025\/09\/3.-Product-Page-1-630x630.jpg 630w, https:\/\/perfumeshossintropia.com\/wp-content\/uploads\/2025\/09\/3.-Product-Page-1-315x315.jpg 315w\" sizes=\"(max-width: 1080px) 100vw, 1080px\" \/>\t\t\t\t\t\t\t\t\t\t\t\t\t\t\t\t\t\t\t\t\t\t\t\t<\/div>\n\t\t\t\t\t\t<\/div>\n\t\t\t\t<\/div>\n\t\t\t\t<div class=\"elementor-element elementor-element-1c55f40 elementor-widget elementor-widget-heading\" data-id=\"1c55f40\" data-element_type=\"widget\" data-widget_type=\"heading.default\">\n\t\t\t\t<div class=\"elementor-widget-container\">\n\t\t\t<span class=\"elementor-heading-title elementor-size-default\">UNTER DEM ORANGENBAUM<\/span>\t\t<\/div>\n\t\t\t\t<\/div>\n\t\t\t\t<\/a>\n\t\t\t\t\t<\/div>\n\t\t\t\t<\/div>\n\t\t<a class=\"elementor-element elementor-element-64af838 e-con-full e-flex e-con e-child\" data-id=\"64af838\" data-element_type=\"container\" data-settings=\"{&quot;motion_fx_motion_fx_scrolling&quot;:&quot;yes&quot;,&quot;motion_fx_translateY_effect&quot;:&quot;yes&quot;,&quot;motion_fx_translateY_direction&quot;:&quot;negative&quot;,&quot;motion_fx_translateY_speed&quot;:{&quot;unit&quot;:&quot;px&quot;,&quot;size&quot;:1,&quot;sizes&quot;:[]},&quot;content_width&quot;:&quot;full&quot;,&quot;motion_fx_devices&quot;:[&quot;desktop&quot;,&quot;tablet&quot;],&quot;container_type&quot;:&quot;flex&quot;,&quot;motion_fx_translateY_affectedRange&quot;:{&quot;unit&quot;:&quot;%&quot;,&quot;size&quot;:&quot;&quot;,&quot;sizes&quot;:{&quot;start&quot;:0,&quot;end&quot;:100}}}\" href=\"https:\/\/perfumeshossintropia.com\/de\/product\/regen-und-blumen\/\">\n\t\t\t\t<div class=\"vamtam-has-theme-widget-styles elementor-element elementor-element-ccd98c7 e-transform elementor-widget elementor-widget-image\" data-id=\"ccd98c7\" data-element_type=\"widget\" data-settings=\"{&quot;motion_fx_motion_fx_scrolling&quot;:&quot;yes&quot;,&quot;motion_fx_scale_effect&quot;:&quot;yes&quot;,&quot;motion_fx_scale_speed&quot;:{&quot;unit&quot;:&quot;px&quot;,&quot;size&quot;:1,&quot;sizes&quot;:[]},&quot;motion_fx_scale_range&quot;:{&quot;unit&quot;:&quot;%&quot;,&quot;size&quot;:&quot;&quot;,&quot;sizes&quot;:{&quot;start&quot;:20,&quot;end&quot;:82}},&quot;_transform_scale_effect&quot;:{&quot;unit&quot;:&quot;px&quot;,&quot;size&quot;:0.9,&quot;sizes&quot;:[]},&quot;motion_fx_scale_direction&quot;:&quot;out-in&quot;,&quot;motion_fx_devices&quot;:[&quot;desktop&quot;,&quot;tablet&quot;,&quot;mobile&quot;],&quot;_transform_scale_effect_tablet&quot;:{&quot;unit&quot;:&quot;px&quot;,&quot;size&quot;:&quot;&quot;,&quot;sizes&quot;:[]},&quot;_transform_scale_effect_mobile&quot;:{&quot;unit&quot;:&quot;px&quot;,&quot;size&quot;:&quot;&quot;,&quot;sizes&quot;:[]}}\" data-widget_type=\"image.default\">\n\t\t\t\t<div class=\"elementor-widget-container\">\n\t\t\t\t\t\t\t<div class=\"elementor-image\">\n\t\t\t\t\t\t\t\t\t\t\t\t\t\t\t\t\t\t\t\t\t<img decoding=\"async\" width=\"1080\" height=\"1080\" src=\"https:\/\/perfumeshossintropia.com\/wp-content\/uploads\/2025\/09\/3.-Product-Page-2.jpg\" class=\"attachment-large size-large wp-image-989964\" alt=\"\" srcset=\"https:\/\/perfumeshossintropia.com\/wp-content\/uploads\/2025\/09\/3.-Product-Page-2.jpg 1080w, https:\/\/perfumeshossintropia.com\/wp-content\/uploads\/2025\/09\/3.-Product-Page-2-100x100.jpg 100w, https:\/\/perfumeshossintropia.com\/wp-content\/uploads\/2025\/09\/3.-Product-Page-2-800x800.jpg 800w, https:\/\/perfumeshossintropia.com\/wp-content\/uploads\/2025\/09\/3.-Product-Page-2-768x768.jpg 768w, https:\/\/perfumeshossintropia.com\/wp-content\/uploads\/2025\/09\/3.-Product-Page-2-12x12.jpg 12w, https:\/\/perfumeshossintropia.com\/wp-content\/uploads\/2025\/09\/3.-Product-Page-2-840x840.jpg 840w, https:\/\/perfumeshossintropia.com\/wp-content\/uploads\/2025\/09\/3.-Product-Page-2-420x420.jpg 420w, https:\/\/perfumeshossintropia.com\/wp-content\/uploads\/2025\/09\/3.-Product-Page-2-630x630.jpg 630w, https:\/\/perfumeshossintropia.com\/wp-content\/uploads\/2025\/09\/3.-Product-Page-2-315x315.jpg 315w\" sizes=\"(max-width: 1080px) 100vw, 1080px\" \/>\t\t\t\t\t\t\t\t\t\t\t\t\t\t\t\t\t\t\t\t\t\t\t\t<\/div>\n\t\t\t\t\t\t<\/div>\n\t\t\t\t<\/div>\n\t\t\t\t<div class=\"elementor-element elementor-element-88625a4 elementor-widget elementor-widget-heading\" data-id=\"88625a4\" data-element_type=\"widget\" data-widget_type=\"heading.default\">\n\t\t\t\t<div class=\"elementor-widget-container\">\n\t\t\t<span class=\"elementor-heading-title elementor-size-default\">REGEN UND BLUMEN<\/span>\t\t<\/div>\n\t\t\t\t<\/div>\n\t\t\t\t<\/a>\n\t\t\t\t\t<\/div>\n\t\t\t\t<\/div>\n\t\t\t\t\t<\/div>\n\t\t\t\t<\/div>\n\t\t<div class=\"elementor-element elementor-element-c698183 e-flex e-con-boxed e-con e-parent\" data-id=\"c698183\" data-element_type=\"container\" data-settings=\"{&quot;container_type&quot;:&quot;flex&quot;,&quot;content_width&quot;:&quot;boxed&quot;}\" data-core-v316-plus=\"true\">\n\t\t\t\t\t<div class=\"e-con-inner\">\n\t\t\t\t\t<\/div>\n\t\t\t\t<\/div>\n\t\t\t\t<\/div>","protected":false},"excerpt":{"rendered":"<p>Unsere mediterrane Gartenkollektion Eine Hommage an den Charme eines mediterranen Gartens. Inspiriert von seinen D\u00fcften, seinem Licht und seinen Kl\u00e4ngen, die uns das ganze Jahr \u00fcber dazu einladen, die kleinen Freuden der Natur zu genie\u00dfen. SIESTA IM GARTEN UNTER DEM ORANGENBAUM REGEN UND BLUMEN<\/p>","protected":false},"author":2,"featured_media":0,"parent":0,"menu_order":0,"comment_status":"closed","ping_status":"closed","template":"","meta":{"footnotes":""},"class_list":["post-989903","page","type-page","status-publish","hentry"],"_links":{"self":[{"href":"https:\/\/perfumeshossintropia.com\/de\/wp-json\/wp\/v2\/pages\/989903","targetHints":{"allow":["GET"]}}],"collection":[{"href":"https:\/\/perfumeshossintropia.com\/de\/wp-json\/wp\/v2\/pages"}],"about":[{"href":"https:\/\/perfumeshossintropia.com\/de\/wp-json\/wp\/v2\/types\/page"}],"author":[{"embeddable":true,"href":"https:\/\/perfumeshossintropia.com\/de\/wp-json\/wp\/v2\/users\/2"}],"replies":[{"embeddable":true,"href":"https:\/\/perfumeshossintropia.com\/de\/wp-json\/wp\/v2\/comments?post=989903"}],"version-history":[{"count":0,"href":"https:\/\/perfumeshossintropia.com\/de\/wp-json\/wp\/v2\/pages\/989903\/revisions"}],"wp:attachment":[{"href":"https:\/\/perfumeshossintropia.com\/de\/wp-json\/wp\/v2\/media?parent=989903"}],"curies":[{"name":"wp","href":"https:\/\/api.w.org\/{rel}","templated":true}]}}